{"id":444,"date":"2023-05-29T15:41:44","date_gmt":"2023-05-29T13:41:44","guid":{"rendered":"https:\/\/buywinmax.de\/?post_type=product&#038;p=444"},"modified":"2023-06-15T12:02:47","modified_gmt":"2023-06-15T10:02:47","slug":"winmax-flexkeil","status":"publish","type":"product","link":"https:\/\/buywinmax.de\/?product=winmax-flexkeil","title":{"rendered":"WinMax-Flex-Keil"},"content":{"rendered":"<p>WinMax Flex ist das ideale Hilfsmittel bei der Montage von Fenster und T\u00fcren. Dank des flexiblen Schafts ist es m\u00f6glich WinMax selbst an den unzug\u00e4nglichsten Stellen zu verwenden.<\/p>\n<ul>\n<li>Durch einfaches Drehen des Griffes erweitern sich die Spannfl\u00e4chen, sodass diese einen hohen Druck zwischen Fenster\/ T\u00fcr und Mauerwerk ergeben. Nun ist es ein Kinderspiel das Bauteil millimetergenau zu montieren.<\/li>\n<li>Der flexible Schaft erm\u00f6glicht es selbst an unzug\u00e4nglichen Stellen zu arbeiten.<\/li>\n<li>WinMax schont das Bauteil und auch die Wand, da das Werkzeug bei beendeter Arbeit einfach durch Drehung des Griffes leicht und sicher entfernt wird.<\/li>\n<li>Maximale Belastung: 50 kg<\/li>\n<\/ul>\n","protected":false},"excerpt":{"rendered":"<p>WinMax Flex \u2013 justierbarer Keil mit flexiblem Griff<\/p>\n","protected":false},"featured_media":452,"template":"","meta":[],"product_brand":[],"product_cat":[22],"product_tag":[],"class_list":{"0":"post-444","1":"product","2":"type-product","3":"status-publish","4":"has-post-thumbnail","6":"product_cat-tools","8":"first","9":"instock","10":"taxable","11":"shipping-taxable","12":"purchasable","13":"product-type-simple"},"_links":{"self":[{"href":"https:\/\/buywinmax.de\/index.php?rest_route=\/wp\/v2\/product\/444","targetHints":{"allow":["GET"]}}],"collection":[{"href":"https:\/\/buywinmax.de\/index.php?rest_route=\/wp\/v2\/product"}],"about":[{"href":"https:\/\/buywinmax.de\/index.php?rest_route=\/wp\/v2\/types\/product"}],"wp:featuredmedia":[{"embeddable":true,"href":"https:\/\/buywinmax.de\/index.php?rest_route=\/wp\/v2\/media\/452"}],"wp:attachment":[{"href":"https:\/\/buywinmax.de\/index.php?rest_route=%2Fwp%2Fv2%2Fmedia&parent=444"}],"wp:term":[{"taxonomy":"product_brand","embeddable":true,"href":"https:\/\/buywinmax.de\/index.php?rest_route=%2Fwp%2Fv2%2Fproduct_brand&post=444"},{"taxonomy":"product_cat","embeddable":true,"href":"https:\/\/buywinmax.de\/index.php?rest_route=%2Fwp%2Fv2%2Fproduct_cat&post=444"},{"taxonomy":"product_tag","embeddable":true,"href":"https:\/\/buywinmax.de\/index.php?rest_route=%2Fwp%2Fv2%2Fproduct_tag&post=444"}],"curies":[{"name":"wp","href":"https:\/\/api.w.org\/{rel}","templated":true}]}}