{"id":948,"date":"2023-06-13T10:36:47","date_gmt":"2023-06-13T08:36:47","guid":{"rendered":"https:\/\/buywinmax.de\/?page_id=948"},"modified":"2023-06-13T11:35:27","modified_gmt":"2023-06-13T09:35:27","slug":"rucknahmegarantie","status":"publish","type":"page","link":"https:\/\/buywinmax.de\/?page_id=948","title":{"rendered":"R\u00fccknahmegarantie"},"content":{"rendered":"\t\t<div data-elementor-type=\"wp-page\" data-elementor-id=\"948\" class=\"elementor elementor-948\">\n\t\t\t\t\t\t<section class=\"elementor-section elementor-top-section elementor-element elementor-element-d8b49dd elementor-section-boxed elementor-section-height-default elementor-section-height-default\" data-id=\"d8b49dd\" data-element_type=\"section\" data-e-type=\"section\">\n\t\t\t\t\t\t<div class=\"elementor-container elementor-column-gap-default\">\n\t\t\t\t\t<div class=\"elementor-column elementor-col-100 elementor-top-column elementor-element elementor-element-4e1984d\" data-id=\"4e1984d\" data-element_type=\"column\" data-e-type=\"column\">\n\t\t\t<div class=\"elementor-widget-wrap elementor-element-populated\">\n\t\t\t\t\t\t<div class=\"elementor-element elementor-element-84cdb70 elementor-widget elementor-widget-text-editor\" data-id=\"84cdb70\" data-element_type=\"widget\" data-e-type=\"widget\" data-widget_type=\"text-editor.default\">\n\t\t\t\t<div class=\"elementor-widget-container\">\n\t\t\t\t\t\t\t\t\t<p><\/p>\n<p><span style=\"color: #212121; font-family: Inter, sans-serif; font-size: 32px; letter-spacing: 0px;\">Wie funktioniert die R\u00fccksendung bei buywinmax.de?<\/span><\/p>\n<p>Innerhalb von 30 Kalendertagen ab Erhalt der Ware, kannst du dein Bestellung retournieren. Bitte melde eine Retoure bei uns an (z.B. als Brief oder E-Mail. Dein Retour Paket muss im Zeitraum von 30 Tagen an No Cream Store Retour gesendet werden.<\/p>\n<p>1. Melde deine R\u00fccksendung an.\u00a0<span style=\"color: var( --e-global-color-text ); font-family: var( --e-global-typography-text-font-family ), Sans-serif; font-weight: var( --e-global-typography-text-font-weight ); letter-spacing: 0px;\">Bitte melde eine Retoure bei uns an als info@an.dk<\/span><\/p>\n<p>2. Verpacke den Artikel<\/p>\n<p>3. Solltest du von deinem Widerrufsrecht gebrauch machen sind die Portokosten sind selbst zu tragen.<\/p>\n<p>Retouren Adresse:<\/p>\n<p><span style=\"color: var( --e-global-color-text ); font-family: var( --e-global-typography-text-font-family ), Sans-serif; font-weight: var( --e-global-typography-text-font-weight ); letter-spacing: 0px;\">andersen &amp; nielsen a\/s<br \/><\/span><span style=\"color: var( --e-global-color-text ); font-family: var( --e-global-typography-text-font-family ), Sans-serif; font-weight: var( --e-global-typography-text-font-weight ); letter-spacing: 0px;\">Meterbuen 2-4, <br \/>DK-2740\u00a0<\/span><span style=\"color: var( --e-global-color-text ); font-family: var( --e-global-typography-text-font-family ), Sans-serif; font-weight: var( --e-global-typography-text-font-weight ); letter-spacing: 0px;\">Skovlunde<br \/><\/span><span style=\"color: var( --e-global-color-text ); font-family: var( --e-global-typography-text-font-family ), Sans-serif; font-weight: var( --e-global-typography-text-font-weight ); letter-spacing: 0px;\">D\u00e4nemark<\/span><\/p>\n<p><span style=\"color: #212121; font-family: Inter, sans-serif; font-size: 32px;\">R\u00fccknahmegarantie<\/span><span style=\"color: var( --e-global-color-text ); font-family: var( --e-global-typography-text-font-family ), Sans-serif; font-weight: var( --e-global-typography-text-font-weight ); letter-spacing: 0px;\"><br \/><\/span><\/p>\n<p><\/p>\n<p><\/p>\n<p>Vielen Dank f\u00fcr Ihren Einkauf in unserem Webshop. Wir m\u00f6chten sicherstellen, dass Sie mit Ihrem Kauf rundum zufrieden sind. Aus diesem Grund bieten wir Ihnen eine R\u00fcckgabem\u00f6glichkeit. Bitte beachten Sie die folgenden Richtlinien f\u00fcr unsere R\u00fcckgabebedingungen:<br \/><span style=\"color: var( --e-global-color-text ); font-family: var( --e-global-typography-text-font-family ), Sans-serif; font-weight: var( --e-global-typography-text-font-weight ); letter-spacing: 0px;\"><br \/>R\u00fcckgabefrist: Sie haben ab Kaufdatum 30 Tage Zeit, den Artikel zur\u00fcckzusenden.<\/span><\/p>\n<p>Zustand der Ware: Die zur\u00fcckgegebene Ware muss in unbenutztem und unbesch\u00e4digtem Zustand sein und alle Originalverpackungen und Etiketten m\u00fcssen intakt sein. Bitte achten Sie auf eine gute Verpackung der Ware, um Transportsch\u00e4den zu vermeiden.<\/p>\n<p>R\u00fccksendekosten: Die Kosten f\u00fcr die R\u00fccksendung der Ware tr\u00e4gt der Kunde, es sei denn, der Grund f\u00fcr die R\u00fccksendung liegt in einem Fehler unsererseits oder fehlerhafter Ware.<\/p>\n<p>R\u00fcckzahlung: Sobald wir die retournierte Ware erhalten und gepr\u00fcft haben, erstatten wir Ihnen den Kaufpreis. Die R\u00fcckerstattung erfolgt auf demselben Zahlungsweg, den Sie f\u00fcr Ihren Einkauf verwendet haben.<\/p>\n<p>R\u00fccksendeverfahren: Um einen Artikel zur\u00fcckzugeben, kontaktieren Sie bitte unseren Kundenservice unter <a href=\"https:\/\/buywinmax.de\/?page_id=394\"><b>kontakt<\/b><\/a>. Unsere Mitarbeiter werden Ihnen Anweisungen zur R\u00fccksendung geben und Ihnen bei Fragen oder Liegen behilflich sein.<\/p>\n<p>Bitte beachten Sie, dass wir uns das Recht vorbehalten, R\u00fccksendungen abzulehnen, die die oben genannten Bedingungen nicht erf\u00fcllen oder au\u00dferhalb der 30-Tage-Frist liegen.<\/p>\n<p>Bei weiteren Fragen zum R\u00fcckgaberecht oder anderen Anliegen stehen wir Ihnen gerne zur Verf\u00fcgung. Vielen Dank f\u00fcr Ihr Verst\u00e4ndnis und Ihre Zusammenarbeit.<\/p>\n<p><span style=\"color: #212121; font-family: Inter, sans-serif; font-size: 32px; letter-spacing: 0px;\">Reklamationen<\/span><\/p>\n<p>Alle Reklamationen werden von unserem Servicecenter in D\u00e4nemark bearbeitet. Als ein d\u00e4nisches Unternehmen sind wir Ihre Vertretung f\u00fcr Reklamationen in Deutschland. Bitte senden Sie alle Reklamationen an unser Servicecenter in D\u00e4nemark.<\/p>\n<p><\/p>\t\t\t\t\t\t\t\t<\/div>\n\t\t\t\t<\/div>\n\t\t\t\t\t<\/div>\n\t\t<\/div>\n\t\t\t\t\t<\/div>\n\t\t<\/section>\n\t\t\t\t<\/div>\n\t\t","protected":false},"excerpt":{"rendered":"<p>Wie funktioniert die R\u00fccksendung bei buywinmax.de? Innerhalb von 30 Kalendertagen ab Erhalt der Ware, kannst du dein Bestellung retournieren. Bitte melde eine Retoure bei uns an (z.B. als Brief oder [&hellip;]<\/p>\n","protected":false},"author":1,"featured_media":0,"parent":0,"menu_order":0,"comment_status":"closed","ping_status":"closed","template":"","meta":{"footnotes":""},"class_list":["post-948","page","type-page","status-publish","hentry"],"_links":{"self":[{"href":"https:\/\/buywinmax.de\/index.php?rest_route=\/wp\/v2\/pages\/948","targetHints":{"allow":["GET"]}}],"collection":[{"href":"https:\/\/buywinmax.de\/index.php?rest_route=\/wp\/v2\/pages"}],"about":[{"href":"https:\/\/buywinmax.de\/index.php?rest_route=\/wp\/v2\/types\/page"}],"author":[{"embeddable":true,"href":"https:\/\/buywinmax.de\/index.php?rest_route=\/wp\/v2\/users\/1"}],"replies":[{"embeddable":true,"href":"https:\/\/buywinmax.de\/index.php?rest_route=%2Fwp%2Fv2%2Fcomments&post=948"}],"version-history":[{"count":20,"href":"https:\/\/buywinmax.de\/index.php?rest_route=\/wp\/v2\/pages\/948\/revisions"}],"predecessor-version":[{"id":981,"href":"https:\/\/buywinmax.de\/index.php?rest_route=\/wp\/v2\/pages\/948\/revisions\/981"}],"wp:attachment":[{"href":"https:\/\/buywinmax.de\/index.php?rest_route=%2Fwp%2Fv2%2Fmedia&parent=948"}],"curies":[{"name":"wp","href":"https:\/\/api.w.org\/{rel}","templated":true}]}}