{"id":919,"date":"2023-06-13T07:37:49","date_gmt":"2023-06-13T05:37:49","guid":{"rendered":"https:\/\/buywinmax.de\/?page_id=919"},"modified":"2023-06-13T08:46:05","modified_gmt":"2023-06-13T06:46:05","slug":"impressum","status":"publish","type":"page","link":"https:\/\/buywinmax.de\/?page_id=919","title":{"rendered":"Impressum"},"content":{"rendered":"\t\t<div data-elementor-type=\"wp-page\" data-elementor-id=\"919\" class=\"elementor elementor-919\">\n\t\t\t\t\t\t<section class=\"elementor-section elementor-top-section elementor-element elementor-element-a1d5102 elementor-section-boxed elementor-section-height-default elementor-section-height-default\" data-id=\"a1d5102\" data-element_type=\"section\" data-e-type=\"section\">\n\t\t\t\t\t\t<div class=\"elementor-container elementor-column-gap-default\">\n\t\t\t\t\t<div class=\"elementor-column elementor-col-100 elementor-top-column elementor-element elementor-element-c022e33\" data-id=\"c022e33\" data-element_type=\"column\" data-e-type=\"column\">\n\t\t\t<div class=\"elementor-widget-wrap elementor-element-populated\">\n\t\t\t\t\t\t<div class=\"elementor-element elementor-element-9a3a538 elementor-widget elementor-widget-text-editor\" data-id=\"9a3a538\" data-element_type=\"widget\" data-e-type=\"widget\" data-widget_type=\"text-editor.default\">\n\t\t\t\t<div class=\"elementor-widget-container\">\n\t\t\t\t\t\t\t\t\t<p><\/p>\n<p><span style=\"color: #212121; font-family: Inter, sans-serif; font-size: 32px; letter-spacing: 0px;\">Allgemeine Informationen<\/span><\/p>\n<p><\/p>\n<p><\/p>\n<p>Firmenname: andersen &amp; nielsen as<br \/>Rechtsform: AS<br \/>Vertretungsberechtigte Person: Flemming Z. Blicher<br \/>Sitz: Meterbuen 2-4, 2740 Skovlunde, D\u00e4nemark<br \/>Handelsregisternummer (CVR): DK21323071<\/p>\n<p><span style=\"letter-spacing: 0px; font-size: 32px; font-family: Inter, sans-serif; color: #212121;\">Kontakt<\/span><\/p>\n<p><\/p>\n<p><\/p>\n<p>E-mail: mail@an.dk<br \/>Telefon: +45 36 41 02 00<br \/>Sitz: Meterbuen 2-4, 2740 Skovlunde, D\u00e4nemark<\/p>\n<p><span style=\"color: #212121; font-family: Inter, sans-serif; font-size: 32px; letter-spacing: 0px;\">Register der T\u00e4tigkeiten<\/span><\/p>\n<p>Zust\u00e4ndige Aufsichtsbeh\u00f6rde: CVR<br \/>Register:\u00a0<a style=\"background-color: #ffffff;\" href=\"https:\/\/danishbusinessauthority.dk\/\">Danish Business Authority<\/a><br \/>Registernummer: DK21323071<\/p>\n<p><span style=\"color: #212121; font-family: Inter, sans-serif; font-size: 32px; letter-spacing: 0px;\">Verkauf von Produkten und Dienstleistungen<\/span><\/p>\n<p>A<b>lternative Streitbeilegung:<\/b><br \/>Die Europ\u00e4ische Kommission stellt eine Plattform f\u00fcr die au\u00dfergerichtliche Online-Streitbeilegung (OS-Plattform) bereit, aufrufbar unter https:\/\/ec.europa.eu\/odr.<br \/><span style=\"color: var( --e-global-color-text ); font-family: var( --e-global-typography-text-font-family ), Sans-serif; font-weight: var( --e-global-typography-text-font-weight ); letter-spacing: 0px;\"><br \/>Wir sind nicht bereit und nicht verpflichtet, an Streitbeilegungsverfahren vor Verbraucherschlichtungsstellen teilzunehmen.<\/span><\/p>\n<p><span style=\"color: #212121; font-family: Inter, sans-serif; font-size: 32px; letter-spacing: 0px;\">Haftungsausschluss<\/span><\/p>\n<p>Trotz sorgf\u00e4ltiger inhaltlicher Kontrolle \u00fcbernehmen wir keine Haftung f\u00fcr die Inhalte externer Links. F\u00fcr den Inhalt der verlinkten Seiten sind ausschlie\u00dflich deren Betreiber verantwortlich.<\/p>\n<p>\u00a0<\/p>\n<p>Stand: 13-06-2023<\/p>\n<p>\u00a0<\/p>\n<p><\/p>\t\t\t\t\t\t\t\t<\/div>\n\t\t\t\t<\/div>\n\t\t\t\t\t<\/div>\n\t\t<\/div>\n\t\t\t\t\t<\/div>\n\t\t<\/section>\n\t\t\t\t<\/div>\n\t\t","protected":false},"excerpt":{"rendered":"<p>Allgemeine Informationen Firmenname: andersen &amp; nielsen asRechtsform: ASVertretungsberechtigte Person: Flemming Z. BlicherSitz: Meterbuen 2-4, 2740 Skovlunde, D\u00e4nemarkHandelsregisternummer (CVR): DK21323071 Kontakt E-mail: mail@an.dkTelefon: +45 36 41 02 00Sitz: Meterbuen 2-4, 2740 [&hellip;]<\/p>\n","protected":false},"author":1,"featured_media":0,"parent":0,"menu_order":0,"comment_status":"closed","ping_status":"closed","template":"","meta":{"footnotes":""},"class_list":["post-919","page","type-page","status-publish","hentry"],"_links":{"self":[{"href":"https:\/\/buywinmax.de\/index.php?rest_route=\/wp\/v2\/pages\/919","targetHints":{"allow":["GET"]}}],"collection":[{"href":"https:\/\/buywinmax.de\/index.php?rest_route=\/wp\/v2\/pages"}],"about":[{"href":"https:\/\/buywinmax.de\/index.php?rest_route=\/wp\/v2\/types\/page"}],"author":[{"embeddable":true,"href":"https:\/\/buywinmax.de\/index.php?rest_route=\/wp\/v2\/users\/1"}],"replies":[{"embeddable":true,"href":"https:\/\/buywinmax.de\/index.php?rest_route=%2Fwp%2Fv2%2Fcomments&post=919"}],"version-history":[{"count":8,"href":"https:\/\/buywinmax.de\/index.php?rest_route=\/wp\/v2\/pages\/919\/revisions"}],"predecessor-version":[{"id":939,"href":"https:\/\/buywinmax.de\/index.php?rest_route=\/wp\/v2\/pages\/919\/revisions\/939"}],"wp:attachment":[{"href":"https:\/\/buywinmax.de\/index.php?rest_route=%2Fwp%2Fv2%2Fmedia&parent=919"}],"curies":[{"name":"wp","href":"https:\/\/api.w.org\/{rel}","templated":true}]}}