{"id":3,"date":"2023-05-26T14:52:31","date_gmt":"2023-05-26T12:52:31","guid":{"rendered":"https:\/\/buywinmax.de\/?page_id=3"},"modified":"2023-06-13T09:55:32","modified_gmt":"2023-06-13T07:55:32","slug":"privacy-policy","status":"publish","type":"page","link":"https:\/\/buywinmax.de\/?page_id=3","title":{"rendered":"Datenschutzerkl\u00e4rung"},"content":{"rendered":"\t\t<div data-elementor-type=\"wp-page\" data-elementor-id=\"3\" class=\"elementor elementor-3\">\n\t\t\t\t\t\t<section class=\"elementor-section elementor-top-section elementor-element elementor-element-1072aa77 elementor-section-boxed elementor-section-height-default elementor-section-height-default\" data-id=\"1072aa77\" data-element_type=\"section\" data-e-type=\"section\">\n\t\t\t\t\t\t<div class=\"elementor-container elementor-column-gap-default\">\n\t\t\t\t\t<div class=\"elementor-column elementor-col-100 elementor-top-column elementor-element elementor-element-a47b59d\" data-id=\"a47b59d\" data-element_type=\"column\" data-e-type=\"column\">\n\t\t\t<div class=\"elementor-widget-wrap elementor-element-populated\">\n\t\t\t\t\t\t<div class=\"elementor-element elementor-element-209e39c0 elementor-widget elementor-widget-text-editor\" data-id=\"209e39c0\" data-element_type=\"widget\" data-e-type=\"widget\" data-widget_type=\"text-editor.default\">\n\t\t\t\t<div class=\"elementor-widget-container\">\n\t\t\t\t\t\t\t\t\t<p><\/p>\n<h2 class=\"wp-block-heading\">GDPR<\/h2>\n<p><\/p>\n<p><\/p>\n<p>EU GDPR Datenschutzerkl\u00e4rung<\/p>\n<p><\/p>\n<p><\/p>\n<p>Diese Datenschutzerkl\u00e4rung informiert Sie dar\u00fcber, wie andersen &amp; nielsen as personenbezogene Daten erhebt, verwendet, offenlegt und sch\u00fctzt, gem\u00e4\u00df der Datenschutz-Grundverordnung der Europ\u00e4ischen Union (GDPR).<\/p>\n<p><\/p>\n<p><\/p>\n<p>Die DSGVO legt einen neuen Rahmen f\u00fcr die Verarbeitung personenbezogener Daten und unser Verh\u00e4ltnis zum Recht auf Privatsph\u00e4re fest. Die Verordnung \u00fcber personenbezogene Daten zielt darauf ab, Datenschutzbestimmungen und -rechte zum Nutzen der EU-B\u00fcrger zu st\u00e4rken und in Einklang zu bringen. Dies gilt f\u00fcr alle EU- und Nicht-EU-Organisationen (jeder Gr\u00f6\u00dfe), die Waren und Dienstleistungen f\u00fcr die EU bereitstellen oder Tracking-Technologien (wie Cookies oder Tracking-Pixel) verwenden, um das Verhalten von EU-Nutzern zu \u00fcberwachen.<\/p>\n<p>Datenverantwortlicher<br \/>Der Datenverantwortliche f\u00fcr die Verarbeitung Ihrer personenbezogenen Daten ist die Andersen &amp; Nielsen AS mit Sitz in Meterbuen 2-4, 2740 Skovlunde. Bei Fragen oder Bedenken bez\u00fcglich Ihrer personenbezogenen Daten k\u00f6nnen Sie uns unter mail@an.dk kontaktieren.<\/p>\n<p>Erhebung personenbezogener Daten<br \/>Wir k\u00f6nnen verschiedene Arten von personenbezogenen Daten von Ihnen erheben, einschlie\u00dflich, aber nicht beschr\u00e4nkt auf Ihren Namen, E-Mail-Adresse, Kontaktdaten und andere Informationen, die Sie uns freiwillig zur Verf\u00fcgung stellen, wenn Sie mit unserer Website interagieren.<\/p>\n<p>Rechtsgrundlage f\u00fcr die Verarbeitung<br \/>Wir verarbeiten Ihre personenbezogenen Daten nur, wenn wir eine g\u00fcltige Rechtsgrundlage daf\u00fcr haben. Die Rechtsgrundlagen f\u00fcr die Verarbeitung Ihrer Daten k\u00f6nnen Ihre Einwilligung, die Erforderlichkeit der Verarbeitung zur Erf\u00fcllung eines Vertrags, die Einhaltung einer rechtlichen Verpflichtung, der Schutz lebenswichtiger Interessen, die Durchf\u00fchrung einer Aufgabe im \u00f6ffentlichen Interesse oder in Aus\u00fcbung \u00f6ffentlicher Gewalt sowie berechtigte Interessen, die von uns oder einem Dritten verfolgt werden, umfassen.<\/p>\n<p>Verwendung personenbezogener Daten<br \/>Wir k\u00f6nnen Ihre personenbezogenen Daten f\u00fcr folgende Zwecke verwenden:<\/p>\n<p>Um Ihnen die von Ihnen angeforderten Produkte oder Dienstleistungen bereitzustellen.<br \/>Um mit Ihnen zu kommunizieren und auf Ihre Anfragen zu antworten.<br \/>Zur Verbesserung unserer Website, Produkte und Dienstleistungen.<br \/>Um Ihnen werbliche Materialien, Newsletter oder Marketingkommunikationen zu senden, wenn Sie dem Empfang zugestimmt haben.<br \/>Um geltenden Gesetzen, Vorschriften und rechtlichen Verfahren zu entsprechen.<br \/>Zum Schutz unserer Rechte, Privatsph\u00e4re, Sicherheit oder unseres Eigentums sowie Ihrer Rechte oder der Rechte anderer Personen.<br \/>Offenlegung personenbezogener Daten<br \/>Wir k\u00f6nnen Ihre personenbezogenen Daten an vertrauensw\u00fcrdige Dritte weitergeben, die uns bei der Betreibung unserer Website, der F\u00fchrung unseres Gesch\u00e4fts oder der Erbringung von Dienstleistungen unterst\u00fctzen. Diese Dritten sind vertraglich verpflichtet, Ihre Informationen vertraulich und sicher zu behandeln. Wir k\u00f6nnen Ihre personenbezogenen Daten auch offenlegen, wenn dies gesetzlich vorgeschrieben ist oder als Antwort auf eine g\u00fcltige rechtliche Anforderung erfolgt.<\/p>\n<p>Internationale Daten\u00fcbermittlungen<br \/>Wenn wir Ihre personenbezogenen Daten in L\u00e4nder au\u00dferhalb des Europ\u00e4ischen Wirtschaftsraums (EWR) \u00fcbertragen, stellen wir sicher, dass angemessene Schutzma\u00dfnahmen gem\u00e4\u00df den geltenden Datenschutzgesetzen vorhanden sind. Durch die Bereitstellung Ihrer personenbezogenen Daten erkl\u00e4ren Sie sich mit solchen \u00dcbertragungen einverstanden.<\/p>\n<p>Datenspeicherung<br \/>Wir speichern Ihre personenbezogenen Daten nur so lange, wie es zur Erf\u00fcllung der Zwecke, f\u00fcr die sie erhoben wurden, erforderlich ist, einschlie\u00dflich etwaiger rechtlicher, buchhalterischer oder Berichtspflichten. Wenn Ihre person<\/p>\n<p>\u00a0<\/p>\n<p><\/p>\n<p><!-- \/wp:list --><\/p>\n<p><!-- wp:heading --><\/p>\n<h2>Cookies<\/h2>\n<p><!-- \/wp:heading --><\/p>\n<p><!-- wp:paragraph --><\/p>\n<p>Hier k\u00f6nnen Sie mehr \u00fcber den Gebrauch von Cookies auf der Website des andersen &amp; nielsen as buywinmx.de erfahren: <a href=\"https:\/\/buywinmax.de\/?page_id=769\" data-type=\"URL\" data-id=\"https:\/\/buywinmax.de\/?page_id=769\"><strong>Cookie-Richtlinie<\/strong><\/a><\/p>\n<p><!-- \/wp:paragraph --><\/p>\n<p><!-- wp:paragraph --><\/p>\n<p><!-- \/wp:paragraph --><\/p>\t\t\t\t\t\t\t\t<\/div>\n\t\t\t\t<\/div>\n\t\t\t\t\t<\/div>\n\t\t<\/div>\n\t\t\t\t\t<\/div>\n\t\t<\/section>\n\t\t\t\t<\/div>\n\t\t","protected":false},"excerpt":{"rendered":"<p>GDPR EU GDPR Datenschutzerkl\u00e4rung Diese Datenschutzerkl\u00e4rung informiert Sie dar\u00fcber, wie andersen &amp; nielsen as personenbezogene Daten erhebt, verwendet, offenlegt und sch\u00fctzt, gem\u00e4\u00df der Datenschutz-Grundverordnung der Europ\u00e4ischen Union (GDPR). Die DSGVO [&hellip;]<\/p>\n","protected":false},"author":1,"featured_media":0,"parent":0,"menu_order":0,"comment_status":"closed","ping_status":"closed","template":"","meta":{"footnotes":""},"class_list":["post-3","page","type-page","status-publish","hentry"],"_links":{"self":[{"href":"https:\/\/buywinmax.de\/index.php?rest_route=\/wp\/v2\/pages\/3","targetHints":{"allow":["GET"]}}],"collection":[{"href":"https:\/\/buywinmax.de\/index.php?rest_route=\/wp\/v2\/pages"}],"about":[{"href":"https:\/\/buywinmax.de\/index.php?rest_route=\/wp\/v2\/types\/page"}],"author":[{"embeddable":true,"href":"https:\/\/buywinmax.de\/index.php?rest_route=\/wp\/v2\/users\/1"}],"replies":[{"embeddable":true,"href":"https:\/\/buywinmax.de\/index.php?rest_route=%2Fwp%2Fv2%2Fcomments&post=3"}],"version-history":[{"count":4,"href":"https:\/\/buywinmax.de\/index.php?rest_route=\/wp\/v2\/pages\/3\/revisions"}],"predecessor-version":[{"id":947,"href":"https:\/\/buywinmax.de\/index.php?rest_route=\/wp\/v2\/pages\/3\/revisions\/947"}],"wp:attachment":[{"href":"https:\/\/buywinmax.de\/index.php?rest_route=%2Fwp%2Fv2%2Fmedia&parent=3"}],"curies":[{"name":"wp","href":"https:\/\/api.w.org\/{rel}","templated":true}]}}